{"id":145,"date":"2023-05-23T17:17:31","date_gmt":"2023-05-23T17:17:31","guid":{"rendered":"https:\/\/aemigrarlegal.com\/?page_id=145"},"modified":"2023-06-21T09:35:31","modified_gmt":"2023-06-21T09:35:31","slug":"asilo","status":"publish","type":"page","link":"https:\/\/aemigrarlegal.com\/en\/asilo","title":{"rendered":"Asilo"},"content":{"rendered":"<div data-elementor-type=\"wp-page\" data-elementor-id=\"145\" class=\"elementor elementor-145\">\n\t\t\t\t\t\t\t<div class=\"elementor-element elementor-element-a52b378 e-con-boxed e-flex e-con\" data-id=\"a52b378\" data-element_type=\"container\" data-settings=\"{&quot;background_background&quot;:&quot;classic&quot;,&quot;content_width&quot;:&quot;boxed&quot;}\" data-e-bg-lazyload=\"\">\n\t\t\t\t\t<div class=\"e-con-inner\">\n\t\t\t\t<div class=\"elementor-element elementor-element-0b0a8a1 elementor-widget elementor-widget-heading\" data-id=\"0b0a8a1\" data-element_type=\"widget\" data-widget_type=\"heading.default\">\n\t\t\t\t<div class=\"elementor-widget-container\">\n\t\t\t<style>\/*! elementor - v3.13.3 - 28-05-2023 *\/\n.elementor-heading-title{padding:0;margin:0;line-height:1}.elementor-widget-heading .elementor-heading-title[class*=elementor-size-]>a{color:inherit;font-size:inherit;line-height:inherit}.elementor-widget-heading .elementor-heading-title.elementor-size-small{font-size:15px}.elementor-widget-heading .elementor-heading-title.elementor-size-medium{font-size:19px}.elementor-widget-heading .elementor-heading-title.elementor-size-large{font-size:29px}.elementor-widget-heading .elementor-heading-title.elementor-size-xl{font-size:39px}.elementor-widget-heading .elementor-heading-title.elementor-size-xxl{font-size:59px}<\/style><h1 class=\"elementor-heading-title elementor-size-default\">Tr\u00e1mite de asilo<\/h1>\t\t<\/div>\n\t\t\t\t<\/div>\n\t\t\t\t\t<\/div>\n\t\t\t\t<\/div>\n\t\t<div class=\"elementor-element elementor-element-7894089 e-con-boxed e-flex e-con\" data-id=\"7894089\" data-element_type=\"container\" data-settings=\"{&quot;content_width&quot;:&quot;boxed&quot;}\">\n\t\t\t\t\t<div class=\"e-con-inner\">\n\t\t\t\t<div class=\"elementor-element elementor-element-579a180 elementor-widget elementor-widget-text-editor\" data-id=\"579a180\" data-element_type=\"widget\" data-widget_type=\"text-editor.default\">\n\t\t\t\t<div class=\"elementor-widget-container\">\n\t\t\t<style>\/*! elementor - v3.13.3 - 28-05-2023 *\/\n.elementor-widget-text-editor.elementor-drop-cap-view-stacked .elementor-drop-cap{background-color:#69727d;color:#fff}.elementor-widget-text-editor.elementor-drop-cap-view-framed .elementor-drop-cap{color:#69727d;border:3px solid;background-color:transparent}.elementor-widget-text-editor:not(.elementor-drop-cap-view-default) .elementor-drop-cap{margin-top:8px}.elementor-widget-text-editor:not(.elementor-drop-cap-view-default) .elementor-drop-cap-letter{width:1em;height:1em}.elementor-widget-text-editor .elementor-drop-cap{float:left;text-align:center;line-height:1;font-size:50px}.elementor-widget-text-editor .elementor-drop-cap-letter{display:inline-block}<\/style>\t\t\t\t<p>La condici\u00f3n de refugiado se reconoce a toda persona que, debido a fundados temores de ser perseguida por motivos de raza, religi\u00f3n, nacionalidad, opiniones pol\u00edticas, pertenencia a determinado grupo social, de g\u00e9nero u orientaci\u00f3n sexual, se encuentra fuera del pa\u00eds de su nacionalidad y no puede o, a causa de dichos temores, no quiere acogerse a la protecci\u00f3n de tal pa\u00eds, o al ap\u00e1trida que, careciendo de nacionalidad y hall\u00e1ndose fuera del pa\u00eds donde antes tuviera su residencia habitual, por los mismos motivos no puede o, a causa de dichos temores, no quiere regresar a \u00e9l.<\/p>\t\t\t\t\t\t<\/div>\n\t\t\t\t<\/div>\n\t\t\t\t\t<\/div>\n\t\t\t\t<\/div>\n\t\t<div class=\"elementor-element elementor-element-461f19a e-con-boxed e-flex e-con\" data-id=\"461f19a\" data-element_type=\"container\" data-settings=\"{&quot;content_width&quot;:&quot;boxed&quot;}\">\n\t\t\t\t\t<div class=\"e-con-inner\">\n\t\t\t\t<div class=\"elementor-element elementor-element-4a882d9 elementor-widget elementor-widget-heading\" data-id=\"4a882d9\" data-element_type=\"widget\" data-widget_type=\"heading.default\">\n\t\t\t\t<div class=\"elementor-widget-container\">\n\t\t\t<h2 class=\"elementor-heading-title elementor-size-default\">CONDICIONES PARA EL RECONOCIMIENTO DE LA PROTECCI\u00d3N INTERNACIONAL<\/h2>\t\t<\/div>\n\t\t\t\t<\/div>\n\t\t\t\t<div class=\"elementor-element elementor-element-0201490 elementor-widget elementor-widget-heading\" data-id=\"0201490\" data-element_type=\"widget\" data-widget_type=\"heading.default\">\n\t\t\t\t<div class=\"elementor-widget-container\">\n\t\t\t<h3 class=\"elementor-heading-title elementor-size-default\">PARA EL RECONOCIMIENTO DEL DERECHO DE ASILO:\n<\/h3>\t\t<\/div>\n\t\t\t\t<\/div>\n\t\t\t\t<div class=\"elementor-element elementor-element-d3746f2 elementor-widget elementor-widget-text-editor\" data-id=\"d3746f2\" data-element_type=\"widget\" data-widget_type=\"text-editor.default\">\n\t\t\t\t<div class=\"elementor-widget-container\">\n\t\t\t\t\t\t\t<div>Los actos en que se basen los fundados temores a ser objeto de persecuci\u00f3n por motivos de raza, religi\u00f3n, nacionalidad, opiniones pol\u00edticas, pertenencia a determinado grupo social, de g\u00e9nero u orientaci\u00f3n sexual, deber\u00e1n:<ol class=\"mb-2\" type=\"a\"><li>Ser suficientemente graves por su naturaleza o car\u00e1cter reiterado como para constituir una violaci\u00f3n grave de los derechos fundamentales amparados en el apartado segundo del art\u00edculo 15 del Convenio Europeo para la Protecci\u00f3n de los Derechos Humanos y de las Libertades Fundamentales, o bien<\/li><li>Ser una acumulaci\u00f3n lo suficientemente grave de varias medidas, incluidas las violaciones de derechos humanos, como para afectar a una persona de manera similar a la mencionada en la letra a).<\/li><\/ol><p>\u00a0<\/p><\/div><p>Los actos de persecuci\u00f3n podr\u00e1n revestir, entre otras, las siguientes formas:<\/p><ol class=\"mb-2\" type=\"a\"><li>Actos de violencia f\u00edsica o ps\u00edquica, incluidos los actos de violencia sexual.<\/li><li>Medidas legislativas, administrativas, policiales o judiciales que sean discriminatorias en s\u00ed mismas o que se apliquen de manera discriminatoria.<\/li><li>Procesamientos o penas que sean desproporcionados o discriminatorios.<\/li><li>Denegaci\u00f3n de tutela judicial de la que se deriven penas desproporcionadas o discriminatorias.<\/li><li>Procesamientos o penas por la negativa a prestar servicio militar en un conflicto en el que el cumplimiento de dicho servicio conllevar\u00eda delitos o actos comprendidos en las cl\u00e1usulas de exclusi\u00f3n establecidas en el apartado segundo del art\u00edculo 8 de la Ley 12\/2009, de 30 de octubre.<\/li><li>Actos de naturaleza sexual que afecten a adultos o a ni\u00f1os.<\/li><\/ol><p>\u00a0<\/p><p>Para valorar los motivos de persecuci\u00f3n se tendr\u00e1n en cuenta los siguientes elementos:<\/p><ol class=\"mb-2\" type=\"a\"><li>El concepto de raza (color, origen o pertenencia a un determinado grupo \u00e9tnico).<\/li><li>El concepto de religi\u00f3n (creencias te\u00edstas, no te\u00edstas y ateas, la participaci\u00f3n o la abstenci\u00f3n en cultos -individualmente o en comunidad-, actos o expresiones que comporten una opini\u00f3n de car\u00e1cter religioso, o formas de conducta personal o comunitaria basadas en cualquier creencia religiosa u ordenadas por \u00e9sta).<\/li><li>El concepto de nacionalidad (pertenencia a un grupo determinado por su identidad cultural, \u00e9tnica o ling\u00fc\u00edstica, sus or\u00edgenes geogr\u00e1ficos o pol\u00edticos comunes o su relaci\u00f3n con la poblaci\u00f3n de otro Estado).<\/li><li>El concepto de opiniones pol\u00edticas (profesi\u00f3n de opiniones, ideas o creencias sobre un asunto relacionado con los agentes potenciales de persecuci\u00f3n y con sus pol\u00edticas o m\u00e9todos, independientemente de que el solicitante haya o no obrado de acuerdo con tales opiniones, ideas o creencias).<\/li><li>Se considerar\u00e1 que un grupo constituye un grupo social determinado, si, en particular:<br \/><ul class=\"list-group list-group-flush\"><li class=\"list-group-item bg-success\">Las personas integrantes de dicho grupo comparten una caracter\u00edstica innata o unos antecedentes comunes que no pueden cambiarse, o bien comparten una caracter\u00edstica o creencia que resulta tan fundamental para su identidad o conciencia que no se les puede exigir que renuncien a ella, y<\/li><li class=\"list-group-item bg-success\">Dicho grupo posee una identidad diferenciada en el pa\u00eds de que se trate por ser percibido como diferente por la sociedad que lo rodea o por el agente o agentes perseguidores.<\/li><\/ul><\/li><\/ol><div>\u00a0<\/div><div>Extracto tomado de la pagina oficial de la Polic\u00eda Nacional de Espa\u00f1a: https:\/\/www.policia.es\/_es\/extranjeria_asilo_y_refugio.php#<\/div>\t\t\t\t\t\t<\/div>\n\t\t\t\t<\/div>\n\t\t\t\t\t<\/div>\n\t\t\t\t<\/div>\n\t\t<div class=\"elementor-element elementor-element-b63aac5 e-con-boxed e-flex e-con\" data-id=\"b63aac5\" data-element_type=\"container\" data-settings=\"{&quot;content_width&quot;:&quot;boxed&quot;}\">\n\t\t\t\t\t<div class=\"e-con-inner\">\n\t\t\t\t<div class=\"elementor-element elementor-element-64f7dba elementor-widget elementor-widget-text-editor\" data-id=\"64f7dba\" data-element_type=\"widget\" data-widget_type=\"text-editor.default\">\n\t\t\t\t<div class=\"elementor-widget-container\">\n\t\t\t\t\t\t\t<p>Reserva tu cita en 3 simples pasos y podr\u00e1s empezar a tramitar tu nacionalidad, lo mas pronto posible.<\/p>\t\t\t\t\t\t<\/div>\n\t\t\t\t<\/div>\n\t\t\t\t<div class=\"elementor-element elementor-element-02b6c3e elementor-align-center elementor-widget elementor-widget-button\" data-id=\"02b6c3e\" data-element_type=\"widget\" data-widget_type=\"button.default\">\n\t\t\t\t<div class=\"elementor-widget-container\">\n\t\t\t\t\t<div class=\"elementor-button-wrapper\">\n\t\t\t<a href=\"https:\/\/app.squarespacescheduling.com\/schedule.php?owner=26581462#\" class=\"elementor-button-link elementor-button elementor-size-sm\" role=\"button\">\n\t\t\t\t\t\t<span class=\"elementor-button-content-wrapper\">\n\t\t\t\t\t\t<span class=\"elementor-button-text\">Haz clic aqu\u00ed<\/span>\n\t\t<\/span>\n\t\t\t\t\t<\/a>\n\t\t<\/div>\n\t\t\t\t<\/div>\n\t\t\t\t<\/div>\n\t\t\t\t<div class=\"elementor-element elementor-element-6e21c9e elementor-widget elementor-widget-text-editor\" data-id=\"6e21c9e\" data-element_type=\"widget\" data-widget_type=\"text-editor.default\">\n\t\t\t\t<div class=\"elementor-widget-container\">\n\t\t\t\t\t\t\t<h3>Recuerda que puedes agendar tu cita Presencial,\u00a0 realizala por Videollamada, Llamada regular o por Correo Electr\u00f3nico<\/h3>\t\t\t\t\t\t<\/div>\n\t\t\t\t<\/div>\n\t\t\t\t\t<\/div>\n\t\t\t\t<\/div>\n\t\t\t\t\t\t\t<\/div>","protected":false},"excerpt":{"rendered":"<p>Tr\u00e1mite de asilo La condici\u00f3n de refugiado se reconoce a toda persona que, debido a fundados temores de ser perseguida por motivos de raza, religi\u00f3n, nacionalidad, opiniones pol\u00edticas, pertenencia a determinado grupo social, de g\u00e9nero u orientaci\u00f3n sexual, se encuentra fuera del pa\u00eds de su nacionalidad y no puede o, a causa de dichos temores, [&hellip;]<\/p>","protected":false},"author":1,"featured_media":0,"parent":0,"menu_order":0,"comment_status":"closed","ping_status":"closed","template":"elementor_header_footer","meta":{"footnotes":""},"class_list":["post-145","page","type-page","status-publish","hentry"],"_links":{"self":[{"href":"https:\/\/aemigrarlegal.com\/en\/wp-json\/wp\/v2\/pages\/145","targetHints":{"allow":["GET"]}}],"collection":[{"href":"https:\/\/aemigrarlegal.com\/en\/wp-json\/wp\/v2\/pages"}],"about":[{"href":"https:\/\/aemigrarlegal.com\/en\/wp-json\/wp\/v2\/types\/page"}],"author":[{"embeddable":true,"href":"https:\/\/aemigrarlegal.com\/en\/wp-json\/wp\/v2\/users\/1"}],"replies":[{"embeddable":true,"href":"https:\/\/aemigrarlegal.com\/en\/wp-json\/wp\/v2\/comments?post=145"}],"version-history":[{"count":25,"href":"https:\/\/aemigrarlegal.com\/en\/wp-json\/wp\/v2\/pages\/145\/revisions"}],"predecessor-version":[{"id":737,"href":"https:\/\/aemigrarlegal.com\/en\/wp-json\/wp\/v2\/pages\/145\/revisions\/737"}],"wp:attachment":[{"href":"https:\/\/aemigrarlegal.com\/en\/wp-json\/wp\/v2\/media?parent=145"}],"curies":[{"name":"wp","href":"https:\/\/api.w.org\/{rel}","templated":true}]}}