{"id":167,"date":"2023-05-23T18:06:07","date_gmt":"2023-05-23T18:06:07","guid":{"rendered":"https:\/\/aemigrarlegal.com\/?page_id=167"},"modified":"2023-09-12T18:14:54","modified_gmt":"2023-09-12T18:14:54","slug":"blog","status":"publish","type":"page","link":"https:\/\/aemigrarlegal.com\/en\/blog","title":{"rendered":"Blog"},"content":{"rendered":"<div data-elementor-type=\"wp-page\" data-elementor-id=\"167\" class=\"elementor elementor-167\">\n\t\t\t\t\t\t\t<div class=\"elementor-element elementor-element-520f45a e-con-boxed e-flex e-con\" data-id=\"520f45a\" data-element_type=\"container\" data-settings=\"{&quot;content_width&quot;:&quot;boxed&quot;}\">\n\t\t\t\t\t<div class=\"e-con-inner\">\n\t\t\t\t<div class=\"elementor-element elementor-element-e1ff478 elementor-posts--align-left elementor-grid-3 elementor-grid-tablet-2 elementor-grid-mobile-1 elementor-posts--thumbnail-top elementor-card-shadow-yes elementor-posts__hover-gradient elementor-widget elementor-widget-posts\" data-id=\"e1ff478\" data-element_type=\"widget\" data-settings=\"{&quot;cards_columns&quot;:&quot;3&quot;,&quot;cards_columns_tablet&quot;:&quot;2&quot;,&quot;cards_columns_mobile&quot;:&quot;1&quot;,&quot;cards_row_gap&quot;:{&quot;unit&quot;:&quot;px&quot;,&quot;size&quot;:35,&quot;sizes&quot;:[]},&quot;cards_row_gap_tablet&quot;:{&quot;unit&quot;:&quot;px&quot;,&quot;size&quot;:&quot;&quot;,&quot;sizes&quot;:[]},&quot;cards_row_gap_mobile&quot;:{&quot;unit&quot;:&quot;px&quot;,&quot;size&quot;:&quot;&quot;,&quot;sizes&quot;:[]}}\" data-widget_type=\"posts.cards\">\n\t\t\t\t<div class=\"elementor-widget-container\">\n\t\t\t<link rel=\"stylesheet\" href=\"https:\/\/aemigrarlegal.com\/wp-content\/plugins\/elementor-pro\/assets\/css\/widget-posts.min.css\">\t\t<div class=\"elementor-posts-container elementor-posts elementor-posts--skin-cards elementor-grid\">\n\t\t\t\t<article class=\"elementor-post elementor-grid-item post-824 post type-post status-publish format-standard has-post-thumbnail hentry category-nacionalidad tag-asesoria-migratoria tag-nacionalidad-espanola\">\n\t\t\t<div class=\"elementor-post__card\">\n\t\t\t\t<a class=\"elementor-post__thumbnail__link\" href=\"https:\/\/aemigrarlegal.com\/en\/beneficios-nacionalidad-espanola\" target=\"_blank\"><div class=\"elementor-post__thumbnail\"><img decoding=\"async\" width=\"1200\" height=\"800\" src=\"https:\/\/aemigrarlegal.com\/wp-content\/uploads\/2023\/08\/Pasaporte-Espnol.jpg\" class=\"attachment-full size-full wp-image-799\" alt=\"Nacionalidad Espa\u00f1ola\" srcset=\"https:\/\/aemigrarlegal.com\/wp-content\/uploads\/2023\/08\/Pasaporte-Espnol.jpg 1200w, https:\/\/aemigrarlegal.com\/wp-content\/uploads\/2023\/08\/Pasaporte-Espnol-768x512.jpg 768w, https:\/\/aemigrarlegal.com\/wp-content\/uploads\/2023\/08\/Pasaporte-Espnol-18x12.jpg 18w\" sizes=\"(max-width: 1200px) 100vw, 1200px\" title=\"\"><\/div><\/a>\n\t\t\t\t<div class=\"elementor-post__text\">\n\t\t\t\t<h1 class=\"elementor-post__title\">\n\t\t\t<a href=\"https:\/\/aemigrarlegal.com\/en\/beneficios-nacionalidad-espanola\">\n\t\t\t\tBeneficios Nacionalidad Espa\u00f1ola\t\t\t<\/a>\n\t\t<\/h1>\n\t\t\t\t<div class=\"elementor-post__excerpt\">\n\t\t\t<p>\u00abUn Camino hacia la Integraci\u00f3n\u00bb \u00a0 La nacionalidad espa\u00f1ola es un tema de gran importancia en el \u00e1mbito de la inmigraci\u00f3n en Espa\u00f1a. A continuaci\u00f3n, te presento un art\u00edculo que cumple con tus especificaciones: La nacionalidad espa\u00f1ola es un sue\u00f1o<\/p>\n\t\t<\/div>\n\t\t\t\t\t<div class=\"elementor-post__read-more-wrapper\">\n\t\t\n\t\t<a class=\"elementor-post__read-more\" href=\"https:\/\/aemigrarlegal.com\/en\/beneficios-nacionalidad-espanola\" aria-label=\"Read more about Beneficios Nacionalidad Espa\u00f1ola\" target=\"_blank\">\n\t\t\tLeer m\u00e1s \u00bb\t\t<\/a>\n\n\t\t\t\t\t<\/div>\n\t\t\t\t<\/div>\n\t\t\t\t<div class=\"elementor-post__meta-data\">\n\t\t\t\t\t<span class=\"elementor-post-date\">\n\t\t\t07\/09\/2023\t\t<\/span>\n\t\t\t\t<span class=\"elementor-post-avatar\">\n\t\t\tNo Comments\t\t<\/span>\n\t\t\t\t<\/div>\n\t\t\t\t\t<\/div>\n\t\t<\/article>\n\t\t\t\t<article class=\"elementor-post elementor-grid-item post-660 post type-post status-publish format-standard has-post-thumbnail hentry category-estancia-de-estudiantes tag-asesoria-migratoria tag-estancia-estudiantes tag-estancia-por-estudios\">\n\t\t\t<div class=\"elementor-post__card\">\n\t\t\t\t<a class=\"elementor-post__thumbnail__link\" href=\"https:\/\/aemigrarlegal.com\/en\/autorizacion-de-estancia-por-estudios\" target=\"_blank\"><div class=\"elementor-post__thumbnail\"><img decoding=\"async\" width=\"600\" height=\"450\" src=\"https:\/\/aemigrarlegal.com\/wp-content\/uploads\/2023\/06\/Autorizacion-de-estancia-por-estudios.png\" class=\"attachment-full size-full wp-image-669\" alt=\"Autorizacion de estancia por estudios\" srcset=\"https:\/\/aemigrarlegal.com\/wp-content\/uploads\/2023\/06\/Autorizacion-de-estancia-por-estudios.png 600w, https:\/\/aemigrarlegal.com\/wp-content\/uploads\/2023\/06\/Autorizacion-de-estancia-por-estudios-300x225.png 300w\" sizes=\"(max-width: 600px) 100vw, 600px\" title=\"\"><\/div><\/a>\n\t\t\t\t<div class=\"elementor-post__text\">\n\t\t\t\t<h1 class=\"elementor-post__title\">\n\t\t\t<a href=\"https:\/\/aemigrarlegal.com\/en\/autorizacion-de-estancia-por-estudios\">\n\t\t\t\tAutorizaci\u00f3n de estancia por estudios\t\t\t<\/a>\n\t\t<\/h1>\n\t\t\t\t<div class=\"elementor-post__excerpt\">\n\t\t\t<p>La estancia por estudios es una autorizaci\u00f3n que te habilita a permanecer en Espa\u00f1a por un per\u00edodo superior a noventa (90) d\u00edas para la realizaci\u00f3n o ampliaci\u00f3n de estudios en un centro de ense\u00f1anza autorizado en Espa\u00f1a, en un programa<\/p>\n\t\t<\/div>\n\t\t\t\t\t<div class=\"elementor-post__read-more-wrapper\">\n\t\t\n\t\t<a class=\"elementor-post__read-more\" href=\"https:\/\/aemigrarlegal.com\/en\/autorizacion-de-estancia-por-estudios\" aria-label=\"Read more about Autorizaci\u00f3n de estancia por estudios\" target=\"_blank\">\n\t\t\tLeer m\u00e1s \u00bb\t\t<\/a>\n\n\t\t\t\t\t<\/div>\n\t\t\t\t<\/div>\n\t\t\t\t<div class=\"elementor-post__meta-data\">\n\t\t\t\t\t<span class=\"elementor-post-date\">\n\t\t\t15\/06\/2023\t\t<\/span>\n\t\t\t\t<span class=\"elementor-post-avatar\">\n\t\t\tNo Comments\t\t<\/span>\n\t\t\t\t<\/div>\n\t\t\t\t\t<\/div>\n\t\t<\/article>\n\t\t\t\t<article class=\"elementor-post elementor-grid-item post-193 post type-post status-publish format-standard has-post-thumbnail hentry category-tramites-varios tag-asesoria-migratoria tag-otros-tramites\">\n\t\t\t<div class=\"elementor-post__card\">\n\t\t\t\t<a class=\"elementor-post__thumbnail__link\" href=\"https:\/\/aemigrarlegal.com\/en\/pareja-de-hecho-estando-en-situacion-irregular-en-espana\" target=\"_blank\"><div class=\"elementor-post__thumbnail\"><img decoding=\"async\" width=\"600\" height=\"450\" src=\"https:\/\/aemigrarlegal.com\/wp-content\/uploads\/2023\/05\/Union-de-hecho.webp\" class=\"attachment-full size-full wp-image-591\" alt=\"Parejas de union de hecho\" srcset=\"https:\/\/aemigrarlegal.com\/wp-content\/uploads\/2023\/05\/Union-de-hecho.webp 600w, https:\/\/aemigrarlegal.com\/wp-content\/uploads\/2023\/05\/Union-de-hecho-300x225.webp 300w\" sizes=\"(max-width: 600px) 100vw, 600px\" title=\"\"><\/div><\/a>\n\t\t\t\t<div class=\"elementor-post__text\">\n\t\t\t\t<h1 class=\"elementor-post__title\">\n\t\t\t<a href=\"https:\/\/aemigrarlegal.com\/en\/pareja-de-hecho-estando-en-situacion-irregular-en-espana\">\n\t\t\t\tPareja de hecho estando en situaci\u00f3n irregular en Espa\u00f1a\t\t\t<\/a>\n\t\t<\/h1>\n\t\t\t\t<div class=\"elementor-post__excerpt\">\n\t\t\t<p>Aunque anteriormente ha supuesto un problema en algunas comunidades, a fecha de hoy lo cierto es que en la gran mayor\u00eda de las comunidades aut\u00f3nomas\u00a0es posible hacerse pareja de hecho con independencia de que si te encuentras en situaci\u00f3n regular<\/p>\n\t\t<\/div>\n\t\t\t\t\t<div class=\"elementor-post__read-more-wrapper\">\n\t\t\n\t\t<a class=\"elementor-post__read-more\" href=\"https:\/\/aemigrarlegal.com\/en\/pareja-de-hecho-estando-en-situacion-irregular-en-espana\" aria-label=\"Read more about Pareja de hecho estando en situaci\u00f3n irregular en Espa\u00f1a\" target=\"_blank\">\n\t\t\tLeer m\u00e1s \u00bb\t\t<\/a>\n\n\t\t\t\t\t<\/div>\n\t\t\t\t<\/div>\n\t\t\t\t<div class=\"elementor-post__meta-data\">\n\t\t\t\t\t<span class=\"elementor-post-date\">\n\t\t\t23\/05\/2023\t\t<\/span>\n\t\t\t\t<span class=\"elementor-post-avatar\">\n\t\t\tNo Comments\t\t<\/span>\n\t\t\t\t<\/div>\n\t\t\t\t\t<\/div>\n\t\t<\/article>\n\t\t\t\t<\/div>\n\t\t\n\t\t\t\t<\/div>\n\t\t\t\t<\/div>\n\t\t\t\t\t<\/div>\n\t\t\t\t<\/div>\n\t\t\t\t\t\t\t<\/div>","protected":false},"excerpt":{"rendered":"","protected":false},"author":1,"featured_media":0,"parent":0,"menu_order":0,"comment_status":"closed","ping_status":"closed","template":"elementor_header_footer","meta":{"footnotes":""},"class_list":["post-167","page","type-page","status-publish","hentry"],"_links":{"self":[{"href":"https:\/\/aemigrarlegal.com\/en\/wp-json\/wp\/v2\/pages\/167","targetHints":{"allow":["GET"]}}],"collection":[{"href":"https:\/\/aemigrarlegal.com\/en\/wp-json\/wp\/v2\/pages"}],"about":[{"href":"https:\/\/aemigrarlegal.com\/en\/wp-json\/wp\/v2\/types\/page"}],"author":[{"embeddable":true,"href":"https:\/\/aemigrarlegal.com\/en\/wp-json\/wp\/v2\/users\/1"}],"replies":[{"embeddable":true,"href":"https:\/\/aemigrarlegal.com\/en\/wp-json\/wp\/v2\/comments?post=167"}],"version-history":[{"count":40,"href":"https:\/\/aemigrarlegal.com\/en\/wp-json\/wp\/v2\/pages\/167\/revisions"}],"predecessor-version":[{"id":1087,"href":"https:\/\/aemigrarlegal.com\/en\/wp-json\/wp\/v2\/pages\/167\/revisions\/1087"}],"wp:attachment":[{"href":"https:\/\/aemigrarlegal.com\/en\/wp-json\/wp\/v2\/media?parent=167"}],"curies":[{"name":"wp","href":"https:\/\/api.w.org\/{rel}","templated":true}]}}