{"id":971,"date":"2023-09-12T12:07:44","date_gmt":"2023-09-12T12:07:44","guid":{"rendered":"https:\/\/aemigrarlegal.com\/?page_id=971"},"modified":"2023-09-12T18:17:05","modified_gmt":"2023-09-12T18:17:05","slug":"arlo-urquiola-abogado-extranjeria","status":"publish","type":"page","link":"https:\/\/aemigrarlegal.com\/en\/arlo-urquiola-abogado-extranjeria","title":{"rendered":"Arlo Urquiola abogado extranjer\u00eda"},"content":{"rendered":"<div data-elementor-type=\"wp-page\" data-elementor-id=\"971\" class=\"elementor elementor-971\">\n\t\t\t\t\t\t\t<div class=\"elementor-element elementor-element-677f8459 e-con-boxed e-flex e-con\" data-id=\"677f8459\" data-element_type=\"container\" data-settings=\"{&quot;content_width&quot;:&quot;boxed&quot;}\">\n\t\t\t\t\t<div class=\"e-con-inner\">\n\t\t<div class=\"elementor-element elementor-element-69e09814 e-con-boxed e-flex e-con\" data-id=\"69e09814\" data-element_type=\"container\" data-settings=\"{&quot;content_width&quot;:&quot;boxed&quot;}\">\n\t\t\t\t\t<div class=\"e-con-inner\">\n\t\t\t\t<div class=\"elementor-element elementor-element-c1636d animated-slow elementor-invisible elementor-widget elementor-widget-image\" data-id=\"c1636d\" data-element_type=\"widget\" data-settings=\"{&quot;_animation&quot;:&quot;slideInLeft&quot;}\" data-widget_type=\"image.default\">\n\t\t\t\t<div class=\"elementor-widget-container\">\n\t\t\t<style>\/*! elementor - v3.13.3 - 28-05-2023 *\/\n.elementor-widget-image{text-align:center}.elementor-widget-image a{display:inline-block}.elementor-widget-image a img[src$=\".svg\"]{width:48px}.elementor-widget-image img{vertical-align:middle;display:inline-block}<\/style>\t\t\t\t\t\t\t\t\t\t\t\t<img decoding=\"async\" width=\"683\" height=\"1024\" src=\"https:\/\/aemigrarlegal.com\/wp-content\/uploads\/2023\/05\/DSC09830_web-1920w-683x1024.webp\" class=\"attachment-large size-large wp-image-67\" alt=\"Arlo Urquiola Abogado de extranjer\u00eda\" srcset=\"https:\/\/aemigrarlegal.com\/wp-content\/uploads\/2023\/05\/DSC09830_web-1920w-683x1024.webp 683w, https:\/\/aemigrarlegal.com\/wp-content\/uploads\/2023\/05\/DSC09830_web-1920w-200x300.webp 200w, https:\/\/aemigrarlegal.com\/wp-content\/uploads\/2023\/05\/DSC09830_web-1920w-768x1152.webp 768w, https:\/\/aemigrarlegal.com\/wp-content\/uploads\/2023\/05\/DSC09830_web-1920w-1024x1536.webp 1024w, https:\/\/aemigrarlegal.com\/wp-content\/uploads\/2023\/05\/DSC09830_web-1920w.webp 1200w\" sizes=\"(max-width: 683px) 100vw, 683px\" title=\"\">\t\t\t\t\t\t\t\t\t\t\t\t\t\t\t<\/div>\n\t\t\t\t<\/div>\n\t\t<div class=\"elementor-element elementor-element-ff4139b e-con-boxed e-flex e-con\" data-id=\"ff4139b\" data-element_type=\"container\" data-settings=\"{&quot;content_width&quot;:&quot;boxed&quot;}\">\n\t\t\t\t\t<div class=\"e-con-inner\">\n\t\t<div class=\"elementor-element elementor-element-f048dd2 e-con-boxed e-flex e-con\" data-id=\"f048dd2\" data-element_type=\"container\" data-settings=\"{&quot;content_width&quot;:&quot;boxed&quot;}\">\n\t\t\t\t\t<div class=\"e-con-inner\">\n\t\t\t\t<div class=\"elementor-element elementor-element-a7d6769 elementor-widget elementor-widget-image\" data-id=\"a7d6769\" data-element_type=\"widget\" data-widget_type=\"image.default\">\n\t\t\t\t<div class=\"elementor-widget-container\">\n\t\t\t\t\t\t\t\t\t\t\t\t\t\t\t<img decoding=\"async\" width=\"1024\" height=\"1024\" src=\"https:\/\/aemigrarlegal.com\/wp-content\/uploads\/2023\/05\/Logotipo-AEmigralegal-e1684862837555-1024x1024.webp\" class=\"attachment-large size-large wp-image-33\" alt=\"Logotipo AEmigralegal\" srcset=\"https:\/\/aemigrarlegal.com\/wp-content\/uploads\/2023\/05\/Logotipo-AEmigralegal-e1684862837555-1024x1024.webp 1024w, https:\/\/aemigrarlegal.com\/wp-content\/uploads\/2023\/05\/Logotipo-AEmigralegal-e1684862837555-300x300.webp 300w, https:\/\/aemigrarlegal.com\/wp-content\/uploads\/2023\/05\/Logotipo-AEmigralegal-e1684862837555-150x150.webp 150w, https:\/\/aemigrarlegal.com\/wp-content\/uploads\/2023\/05\/Logotipo-AEmigralegal-e1684862837555-768x768.webp 768w, https:\/\/aemigrarlegal.com\/wp-content\/uploads\/2023\/05\/Logotipo-AEmigralegal-e1684862837555.webp 1204w\" sizes=\"(max-width: 1024px) 100vw, 1024px\" title=\"\">\t\t\t\t\t\t\t\t\t\t\t\t\t\t\t<\/div>\n\t\t\t\t<\/div>\n\t\t\t\t\t<\/div>\n\t\t\t\t<\/div>\n\t\t<div class=\"elementor-element elementor-element-18ef977 e-con-boxed e-flex e-con\" data-id=\"18ef977\" data-element_type=\"container\" data-settings=\"{&quot;content_width&quot;:&quot;boxed&quot;}\">\n\t\t\t\t\t<div class=\"e-con-inner\">\n\t\t\t\t<div class=\"elementor-element elementor-element-24b68df elementor-widget elementor-widget-image\" data-id=\"24b68df\" data-element_type=\"widget\" data-widget_type=\"image.default\">\n\t\t\t\t<div class=\"elementor-widget-container\">\n\t\t\t\t\t\t\t\t\t\t\t\t\t\t\t<img decoding=\"async\" width=\"1300\" height=\"1300\" src=\"https:\/\/aemigrarlegal.com\/wp-content\/uploads\/2023\/09\/Sello-Abogado.png-2.png\" class=\"attachment-large size-large wp-image-987\" alt=\"\" srcset=\"https:\/\/aemigrarlegal.com\/wp-content\/uploads\/2023\/09\/Sello-Abogado.png-2.png 1300w, https:\/\/aemigrarlegal.com\/wp-content\/uploads\/2023\/09\/Sello-Abogado.png-2-768x768.png 768w, https:\/\/aemigrarlegal.com\/wp-content\/uploads\/2023\/09\/Sello-Abogado.png-2-12x12.png 12w\" sizes=\"(max-width: 1300px) 100vw, 1300px\" title=\"\">\t\t\t\t\t\t\t\t\t\t\t\t\t\t\t<\/div>\n\t\t\t\t<\/div>\n\t\t\t\t\t<\/div>\n\t\t\t\t<\/div>\n\t\t\t\t\t<\/div>\n\t\t\t\t<\/div>\n\t\t\t\t\t<\/div>\n\t\t\t\t<\/div>\n\t\t<div class=\"elementor-element elementor-element-1cd9bd10 e-con-boxed e-flex e-con\" data-id=\"1cd9bd10\" data-element_type=\"container\" data-settings=\"{&quot;content_width&quot;:&quot;boxed&quot;}\">\n\t\t\t\t\t<div class=\"e-con-inner\">\n\t\t\t\t<div class=\"elementor-element elementor-element-2670f475 elementor-widget elementor-widget-heading\" data-id=\"2670f475\" data-element_type=\"widget\" data-widget_type=\"heading.default\">\n\t\t\t\t<div class=\"elementor-widget-container\">\n\t\t\t<style>\/*! elementor - v3.13.3 - 28-05-2023 *\/\n.elementor-heading-title{padding:0;margin:0;line-height:1}.elementor-widget-heading .elementor-heading-title[class*=elementor-size-]>a{color:inherit;font-size:inherit;line-height:inherit}.elementor-widget-heading .elementor-heading-title.elementor-size-small{font-size:15px}.elementor-widget-heading .elementor-heading-title.elementor-size-medium{font-size:19px}.elementor-widget-heading .elementor-heading-title.elementor-size-large{font-size:29px}.elementor-widget-heading .elementor-heading-title.elementor-size-xl{font-size:39px}.elementor-widget-heading .elementor-heading-title.elementor-size-xxl{font-size:59px}<\/style><h1 class=\"elementor-heading-title elementor-size-default\">Arlo Javier Urquiola Serrano<\/h1>\t\t<\/div>\n\t\t\t\t<\/div>\n\t\t\t\t<div class=\"elementor-element elementor-element-27397806 elementor-widget elementor-widget-heading\" data-id=\"27397806\" data-element_type=\"widget\" data-widget_type=\"heading.default\">\n\t\t\t\t<div class=\"elementor-widget-container\">\n\t\t\t<h2 class=\"elementor-heading-title elementor-size-default\">Abogado de Extranjer\u00eda<\/h2>\t\t<\/div>\n\t\t\t\t<\/div>\n\t\t\t\t<div class=\"elementor-element elementor-element-fb187a8 elementor-widget-divider--view-line elementor-widget elementor-widget-divider\" data-id=\"fb187a8\" data-element_type=\"widget\" data-widget_type=\"divider.default\">\n\t\t\t\t<div class=\"elementor-widget-container\">\n\t\t\t<style>\/*! elementor - v3.13.3 - 28-05-2023 *\/\n.elementor-widget-divider{--divider-border-style:none;--divider-border-width:1px;--divider-color:#0c0d0e;--divider-icon-size:20px;--divider-element-spacing:10px;--divider-pattern-height:24px;--divider-pattern-size:20px;--divider-pattern-url:none;--divider-pattern-repeat:repeat-x}.elementor-widget-divider .elementor-divider{display:flex}.elementor-widget-divider .elementor-divider__text{font-size:15px;line-height:1;max-width:95%}.elementor-widget-divider .elementor-divider__element{margin:0 var(--divider-element-spacing);flex-shrink:0}.elementor-widget-divider .elementor-icon{font-size:var(--divider-icon-size)}.elementor-widget-divider .elementor-divider-separator{display:flex;margin:0;direction:ltr}.elementor-widget-divider--view-line_icon .elementor-divider-separator,.elementor-widget-divider--view-line_text .elementor-divider-separator{align-items:center}.elementor-widget-divider--view-line_icon .elementor-divider-separator:after,.elementor-widget-divider--view-line_icon .elementor-divider-separator:before,.elementor-widget-divider--view-line_text .elementor-divider-separator:after,.elementor-widget-divider--view-line_text .elementor-divider-separator:before{display:block;content:\"\";border-bottom:0;flex-grow:1;border-top:var(--divider-border-width) var(--divider-border-style) var(--divider-color)}.elementor-widget-divider--element-align-left .elementor-divider .elementor-divider-separator>.elementor-divider__svg:first-of-type{flex-grow:0;flex-shrink:100}.elementor-widget-divider--element-align-left .elementor-divider-separator:before{content:none}.elementor-widget-divider--element-align-left .elementor-divider__element{margin-left:0}.elementor-widget-divider--element-align-right .elementor-divider .elementor-divider-separator>.elementor-divider__svg:last-of-type{flex-grow:0;flex-shrink:100}.elementor-widget-divider--element-align-right .elementor-divider-separator:after{content:none}.elementor-widget-divider--element-align-right .elementor-divider__element{margin-right:0}.elementor-widget-divider:not(.elementor-widget-divider--view-line_text):not(.elementor-widget-divider--view-line_icon) .elementor-divider-separator{border-top:var(--divider-border-width) var(--divider-border-style) var(--divider-color)}.elementor-widget-divider--separator-type-pattern{--divider-border-style:none}.elementor-widget-divider--separator-type-pattern.elementor-widget-divider--view-line .elementor-divider-separator,.elementor-widget-divider--separator-type-pattern:not(.elementor-widget-divider--view-line) .elementor-divider-separator:after,.elementor-widget-divider--separator-type-pattern:not(.elementor-widget-divider--view-line) .elementor-divider-separator:before,.elementor-widget-divider--separator-type-pattern:not([class*=elementor-widget-divider--view]) .elementor-divider-separator{width:100%;min-height:var(--divider-pattern-height);-webkit-mask-size:var(--divider-pattern-size) 100%;mask-size:var(--divider-pattern-size) 100%;-webkit-mask-repeat:var(--divider-pattern-repeat);mask-repeat:var(--divider-pattern-repeat);background-color:var(--divider-color);-webkit-mask-image:var(--divider-pattern-url);mask-image:var(--divider-pattern-url)}.elementor-widget-divider--no-spacing{--divider-pattern-size:auto}.elementor-widget-divider--bg-round{--divider-pattern-repeat:round}.rtl .elementor-widget-divider .elementor-divider__text{direction:rtl}.e-con-inner>.elementor-widget-divider,.e-con>.elementor-widget-divider{width:var(--container-widget-width,100%);--flex-grow:var(--container-widget-flex-grow)}<\/style>\t\t<div class=\"elementor-divider\">\n\t\t\t<span class=\"elementor-divider-separator\">\n\t\t\t\t\t\t<\/span>\n\t\t<\/div>\n\t\t\t\t<\/div>\n\t\t\t\t<\/div>\n\t\t\t\t<div class=\"elementor-element elementor-element-58453d34 elementor-widget elementor-widget-text-editor\" data-id=\"58453d34\" data-element_type=\"widget\" data-widget_type=\"text-editor.default\">\n\t\t\t\t<div class=\"elementor-widget-container\">\n\t\t\t<style>\/*! elementor - v3.13.3 - 28-05-2023 *\/\n.elementor-widget-text-editor.elementor-drop-cap-view-stacked .elementor-drop-cap{background-color:#69727d;color:#fff}.elementor-widget-text-editor.elementor-drop-cap-view-framed .elementor-drop-cap{color:#69727d;border:3px solid;background-color:transparent}.elementor-widget-text-editor:not(.elementor-drop-cap-view-default) .elementor-drop-cap{margin-top:8px}.elementor-widget-text-editor:not(.elementor-drop-cap-view-default) .elementor-drop-cap-letter{width:1em;height:1em}.elementor-widget-text-editor .elementor-drop-cap{float:left;text-align:center;line-height:1;font-size:50px}.elementor-widget-text-editor .elementor-drop-cap-letter{display:inline-block}<\/style>\t\t\t\t<p class=\"text-align-justify m-size-13 size-16\"><span class=\"font-size-16 m-font-size-13\">Abogado egresado de la Universidad Arturo Michelena (Venezuela), tras emigrar a Espa\u00f1a inicio nuevamente con sus estudios, obteniendo el Grado en Derecho por la Universidad Cat\u00f3lica de \u00c1vila (Espa\u00f1a), as\u00ed como tambi\u00e9n el M\u00e1ster de Acceso a la Profesi\u00f3n de Abogado y posteriormente el t\u00edtulo de Abogado por el Ministerio de Justicia.<\/span><\/p><p class=\"text-align-justify m-size-13 size-16\"><span class=\"font-size-16 m-font-size-13\">Colegiado en el Ilustre Colegio de la Abogac\u00eda de Madrid.<\/span><\/p>\t\t\t\t\t\t<\/div>\n\t\t\t\t<\/div>\n\t\t\t\t<div class=\"elementor-element elementor-element-32d05d76 elementor-widget elementor-widget-heading\" data-id=\"32d05d76\" data-element_type=\"widget\" data-widget_type=\"heading.default\">\n\t\t\t\t<div class=\"elementor-widget-container\">\n\t\t\t<h2 class=\"elementor-heading-title elementor-size-default\">Otros estudios cursados:<\/h2>\t\t<\/div>\n\t\t\t\t<\/div>\n\t\t\t\t<div class=\"elementor-element elementor-element-6622fccf elementor-widget elementor-widget-text-editor\" data-id=\"6622fccf\" data-element_type=\"widget\" data-widget_type=\"text-editor.default\">\n\t\t\t\t<div class=\"elementor-widget-container\">\n\t\t\t\t\t\t\t<ul class=\"defaultList\"><li class=\"text-align-justify m-size-13 size-16\"><span class=\"font-size-16 m-font-size-13\">Maestr\u00eda en Derecho Penal y Criminolog\u00eda por la Universidad Arturo Michelena, Venezuela.<\/span><\/li><li class=\"text-align-justify m-size-13 size-16\"><span class=\"font-size-16 m-font-size-13\">Postgrado en especializaci\u00f3n en Derechos Fundamentales en la Universidad de Castilla-La Mancha (Espa\u00f1a).<\/span><\/li><li class=\"text-align-justify m-size-13 size-16\"><span class=\"font-size-16 m-font-size-13\">M\u00e1ster de Acceso a la Profesi\u00f3n de Abogado por la por la Universidad Cat\u00f3lica de \u00c1vila. (Espa\u00f1a)<\/span><\/li><li class=\"text-align-justify m-size-13 size-16\"><span class=\"font-size-16 m-font-size-13\">Especializaci\u00f3n en Derecho Migratorio, Extranjer\u00eda y Asilo en la Universidad de Zaragoza.<\/span><\/li><li class=\"text-align-justify m-size-13 size-16\"><span class=\"font-size-16 m-font-size-13\">Diversos seminarios y cursos de asesor\u00eda en materias de Derechos Humanos en Venezuela y Espa\u00f1a.<\/span><\/li><\/ul>\t\t\t\t\t\t<\/div>\n\t\t\t\t<\/div>\n\t\t\t\t<div class=\"elementor-element elementor-element-546d322c elementor-widget elementor-widget-text-editor\" data-id=\"546d322c\" data-element_type=\"widget\" data-widget_type=\"text-editor.default\">\n\t\t\t\t<div class=\"elementor-widget-container\">\n\t\t\t\t\t\t\t<p class=\"text-align-justify m-size-13 size-16\"><span class=\"font-size-16 m-font-size-13\">En su trayectoria profesional en Venezuela, se desempe\u00f1\u00f3 como Fiscal del Ministerio P\u00fablico con competencias en Materias de Drogas, Legitimaci\u00f3n de Capitales y Corrupci\u00f3n. Compagino por varios a\u00f1os el ejercicio de la profesi\u00f3n con<\/span><span class=\"font-size-16 m-font-size-13\">\u00a0la docencia.<\/span><\/p>\t\t\t\t\t\t<\/div>\n\t\t\t\t<\/div>\n\t\t\t\t\t<\/div>\n\t\t\t\t<\/div>\n\t\t\t\t\t<\/div>\n\t\t\t\t<\/div>\n\t\t\t\t\t\t\t<\/div>","protected":false},"excerpt":{"rendered":"<p>Arlo Javier Urquiola Serrano Abogado de Extranjer\u00eda Abogado egresado de la Universidad Arturo Michelena (Venezuela), tras emigrar a Espa\u00f1a inicio nuevamente con sus estudios, obteniendo el Grado en Derecho por la Universidad Cat\u00f3lica de \u00c1vila (Espa\u00f1a), as\u00ed como tambi\u00e9n el M\u00e1ster de Acceso a la Profesi\u00f3n de Abogado y posteriormente el t\u00edtulo de Abogado por [&hellip;]<\/p>","protected":false},"author":1,"featured_media":0,"parent":0,"menu_order":0,"comment_status":"closed","ping_status":"closed","template":"elementor_header_footer","meta":{"footnotes":""},"class_list":["post-971","page","type-page","status-publish","hentry"],"_links":{"self":[{"href":"https:\/\/aemigrarlegal.com\/en\/wp-json\/wp\/v2\/pages\/971","targetHints":{"allow":["GET"]}}],"collection":[{"href":"https:\/\/aemigrarlegal.com\/en\/wp-json\/wp\/v2\/pages"}],"about":[{"href":"https:\/\/aemigrarlegal.com\/en\/wp-json\/wp\/v2\/types\/page"}],"author":[{"embeddable":true,"href":"https:\/\/aemigrarlegal.com\/en\/wp-json\/wp\/v2\/users\/1"}],"replies":[{"embeddable":true,"href":"https:\/\/aemigrarlegal.com\/en\/wp-json\/wp\/v2\/comments?post=971"}],"version-history":[{"count":19,"href":"https:\/\/aemigrarlegal.com\/en\/wp-json\/wp\/v2\/pages\/971\/revisions"}],"predecessor-version":[{"id":1093,"href":"https:\/\/aemigrarlegal.com\/en\/wp-json\/wp\/v2\/pages\/971\/revisions\/1093"}],"wp:attachment":[{"href":"https:\/\/aemigrarlegal.com\/en\/wp-json\/wp\/v2\/media?parent=971"}],"curies":[{"name":"wp","href":"https:\/\/api.w.org\/{rel}","templated":true}]}}